{"id":276,"date":"2022-04-01T23:50:29","date_gmt":"2022-04-01T20:50:29","guid":{"rendered":"https:\/\/haberv7.thewpdemo.com\/?page_id=276"},"modified":"2025-05-01T14:12:42","modified_gmt":"2025-05-01T14:12:42","slug":"kunye","status":"publish","type":"page","link":"https:\/\/marmarahabermerkezi.com\/index.php\/kunye\/","title":{"rendered":"K\u00dcNYE"},"content":{"rendered":"<p><img loading=\"lazy\" decoding=\"async\" class=\"alignnone size-medium wp-image-2311 aligncenter\" src=\"https:\/\/marmarahabermerkezi.com\/wp-content\/uploads\/2025\/05\/zzMerkez-yayin-grubu-logo-JPEG-293x300.png\" alt=\"\" width=\"293\" height=\"300\" srcset=\"https:\/\/marmarahabermerkezi.com\/wp-content\/uploads\/2025\/05\/zzMerkez-yayin-grubu-logo-JPEG-293x300.png 293w, https:\/\/marmarahabermerkezi.com\/wp-content\/uploads\/2025\/05\/zzMerkez-yayin-grubu-logo-JPEG-1002x1024.png 1002w, https:\/\/marmarahabermerkezi.com\/wp-content\/uploads\/2025\/05\/zzMerkez-yayin-grubu-logo-JPEG-768x785.png 768w, https:\/\/marmarahabermerkezi.com\/wp-content\/uploads\/2025\/05\/zzMerkez-yayin-grubu-logo-JPEG-1503x1536.png 1503w, https:\/\/marmarahabermerkezi.com\/wp-content\/uploads\/2025\/05\/zzMerkez-yayin-grubu-logo-JPEG.png 1976w\" sizes=\"auto, (max-width: 293px) 100vw, 293px\" \/><\/p>\n<p style=\"text-align: center;\"><strong>SAH\u0130B\u0130<\/strong><br \/>\n<strong>Halil DEM\u0130R<\/strong><\/p>\n<p style=\"text-align: center;\">\n<p style=\"text-align: center;\"><strong>GENEL YAYIN Y\u00d6NETMEN\u0130<\/strong><br \/>\n<b><i>Halil DEM\u0130R<\/i><\/b><\/p>\n<p style=\"text-align: center;\">\n<p style=\"text-align: center;\"><strong>YAZI \u0130\u015eLER\u0130 M\u00dcD\u00dcR\u00dc<\/strong><br \/>\n<strong>Ahmet ARDI\u00c7<\/strong><\/p>\n<p style=\"text-align: center;\">\n<p style=\"text-align: center;\"><strong>REKLAM REZERVASYON<\/strong><br \/>\nafsinmedyacenter@gmail.com<\/p>\n<p style=\"text-align: center;\">\n<p style=\"text-align: center;\"><strong>BASIN B\u00dcLTENLER\u0130<\/strong><br \/>\nSitemizin ilgili kategorilerinde yer almas\u0131n\u0131 istedi\u011finiz haberleri<br \/>\na\u015fa\u011f\u0131daki mail adresi arac\u0131l\u0131\u011f\u0131 ile bize bildirebilirsiniz.<br \/>\nafsinmedyacenter@gmail.com<\/p>\n<p style=\"text-align: center;\">\n<p style=\"text-align: center;\"><strong>ADRES<\/strong><\/p>\n<h3 style=\"text-align: center;\"><strong>ADRES:<\/strong><\/h3>\n<h3 style=\"text-align: center;\"><strong>AF\u015e\u0130N MERKEZ YAYIN GRUBU<\/strong><\/h3>\n<h3 style=\"text-align: center;\"><b>Kale Mahallesi El\u00e7ibey Caddesi<\/b><\/h3>\n<h3 style=\"text-align: center;\"><strong>Arma Market Yan\u0131 Kat:1<\/strong><\/h3>\n<h3 style=\"text-align: center;\"><strong>Gsm: 0 541 629 9466<\/strong><\/h3>\n<p style=\"text-align: center;\">\n<p style=\"text-align: center;\"><strong>ALTYAPI ve TEMA<br \/>\n<\/strong><\/p>\n<p style=\"text-align: center;\">\n<h3 style=\"text-align: center;\"><strong>YASAL B\u0130LD\u0130R\u0130MLER:<\/strong><\/h3>\n<h3 style=\"text-align: center;\"><strong>*<\/strong><strong>Marmara Haber Merkezi<\/strong><strong>\u00a0Bas\u0131n ahlak yasas\u0131na uymaya s\u00f6z vermi\u015ftir.<\/strong><\/h3>\n<h3 style=\"text-align: center;\"><strong>* <\/strong><strong>Marmara <\/strong><strong>Haber Merkezi<\/strong><strong>nde yay\u0131nlanan t\u00fcm yaz\u0131lar\u0131n sorumlulu\u011fu Yazar\u0131na aittir.<\/strong><\/h3>\n<h3 style=\"text-align: center;\"><strong>* <\/strong><strong>Marmara <\/strong><strong>Haber Merkezi<\/strong><strong>\u00a0sadece \u0130nternet Ortam\u0131nda Haber veren bir yay\u0131n organ\u0131d\u0131r.<\/strong><\/h3>\n<h3 style=\"text-align: center;\"><strong>*<\/strong><strong>Marmara <\/strong><strong>Haber Merkezi <\/strong><strong>herhangi bir Siyasi Partinin,Sivil Toplum Kurulu\u015funun yada bir Fikrin g\u00fcd\u00fcm\u00fcnde de\u011fildir,Objektiftir.<\/strong><\/h3>\n<h3 style=\"text-align: center;\"><strong>*<\/strong><strong>Marmara Haber Merkezi<\/strong><strong>\u00a0yay\u0131mlad\u0131\u011f\u0131\u00a0<\/strong><strong>haber<\/strong><strong>, g\u00f6r\u00fcnt\u00fc, foto\u011fraf ve\u00a0internet ile wap i\u00e7in olu\u015fturdu\u011fu her t\u00fcrl\u00fc bilgi, \u00fccret anla\u015fmas\u0131 olmayanlar taraf\u0131ndan hi\u00e7bir \u015fekilde kullan\u0131lamaz. \u0130zin alanlar d\u0131\u015f\u0131nda \u00a0bu yay\u0131nlar \u00e7o\u011falt\u0131lamaz,\u00a0ba\u015fka kurum ve kurulu\u015flara aktar\u0131lamaz. Ayk\u0131r\u0131 davrananlar hakk\u0131nda, hukuki ve cezai her t\u00fcrl\u00fc ba\u015fvuru hakk\u0131m\u0131z sakl\u0131d\u0131r.\u00a0<\/strong><\/h3>\n<h3 style=\"text-align: center;\"><strong>Yazarlar\u0131n kaleme ald\u0131klar\u0131 yaz\u0131lar\u0131n t\u00fcm sorumlulu\u011fu yazar\u0131na aittir.<\/strong><\/h3>\n<h3 style=\"text-align: center;\"><strong>*Marmara Haber Merkezi MERKEZ YAYIN GRUBU Yay\u0131n Organ\u0131d\u0131r!<\/strong><\/h3>\n<p>&nbsp;<\/p>\n<p>&nbsp;<\/p>\n","protected":false},"excerpt":{"rendered":"<p>SAH\u0130B\u0130 Halil DEM\u0130R GENEL YAYIN Y\u00d6NETMEN\u0130 Halil DEM\u0130R YAZI \u0130\u015eLER\u0130 M\u00dcD\u00dcR\u00dc Ahmet ARDI\u00c7 REKLAM REZERVASYON afsinmedyacenter@gmail.com BASIN B\u00dcLTENLER\u0130 Sitemizin ilgili kategorilerinde yer almas\u0131n\u0131 istedi\u011finiz haberleri a\u015fa\u011f\u0131daki mail adresi arac\u0131l\u0131\u011f\u0131 ile bize bildirebilirsiniz. afsinmedyacenter@gmail.com ADRES ADRES: AF\u015e\u0130N MERKEZ YAYIN GRUBU Kale Mahallesi El\u00e7ibey Caddesi Arma Market Yan\u0131 Kat:1 Gsm: 0 541 629 9466 ALTYAPI ve TEMA [&hellip;]<\/p>\n","protected":false},"author":1,"featured_media":0,"parent":0,"menu_order":0,"comment_status":"closed","ping_status":"closed","template":"","meta":{"footnotes":""},"class_list":["post-276","page","type-page","status-publish","hentry"],"_links":{"self":[{"href":"https:\/\/marmarahabermerkezi.com\/index.php\/wp-json\/wp\/v2\/pages\/276","targetHints":{"allow":["GET"]}}],"collection":[{"href":"https:\/\/marmarahabermerkezi.com\/index.php\/wp-json\/wp\/v2\/pages"}],"about":[{"href":"https:\/\/marmarahabermerkezi.com\/index.php\/wp-json\/wp\/v2\/types\/page"}],"author":[{"embeddable":true,"href":"https:\/\/marmarahabermerkezi.com\/index.php\/wp-json\/wp\/v2\/users\/1"}],"replies":[{"embeddable":true,"href":"https:\/\/marmarahabermerkezi.com\/index.php\/wp-json\/wp\/v2\/comments?post=276"}],"version-history":[{"count":2,"href":"https:\/\/marmarahabermerkezi.com\/index.php\/wp-json\/wp\/v2\/pages\/276\/revisions"}],"predecessor-version":[{"id":2313,"href":"https:\/\/marmarahabermerkezi.com\/index.php\/wp-json\/wp\/v2\/pages\/276\/revisions\/2313"}],"wp:attachment":[{"href":"https:\/\/marmarahabermerkezi.com\/index.php\/wp-json\/wp\/v2\/media?parent=276"}],"curies":[{"name":"wp","href":"https:\/\/api.w.org\/{rel}","templated":true}]}}